{"id":701,"date":"2020-12-09T13:40:58","date_gmt":"2020-12-09T12:40:58","guid":{"rendered":"https:\/\/www.trotthop.com\/ile-de-france\/?page_id=701"},"modified":"2022-03-26T12:59:07","modified_gmt":"2022-03-26T11:59:07","slug":"location-de-traottinettes-electriques-ilde-de-france","status":"publish","type":"page","link":"https:\/\/www.trotthop.com\/trott-in-france\/","title":{"rendered":"Accueil"},"content":{"rendered":"<section class=\"wpb-content-wrapper\"><p>[vc_row full_width=\u00a0\u00bbstretch_row_content_no_spaces\u00a0\u00bb][vc_column icons_position=\u00a0\u00bbleft\u00a0\u00bb][vc_images_carousel images=\u00a0\u00bb1483,1485,1486,1487&Prime; img_size=\u00a0\u00bbfull\u00a0\u00bb onclick=\u00a0\u00bblink_no\u00a0\u00bb autoplay=\u00a0\u00bbyes\u00a0\u00bb hide_pagination_control=\u00a0\u00bbyes\u00a0\u00bb hide_prev_next_buttons=\u00a0\u00bbyes\u00a0\u00bb wrap=\u00a0\u00bbyes\u00a0\u00bb][\/vc_column][\/vc_row][vc_row][vc_column icons_position=\u00a0\u00bbleft\u00a0\u00bb][vc_empty_space height=\u00a0\u00bb2em\u00a0\u00bb alter_height=\u00a0\u00bbsmall\u00a0\u00bb hide_on_desktop=\u00a0\u00bb\u00a0\u00bb hide_on_notebook=\u00a0\u00bb\u00a0\u00bb hide_on_tablet=\u00a0\u00bb\u00a0\u00bb hide_on_mobile=\u00a0\u00bb\u00a0\u00bb css=\u00a0\u00bb.vc_custom_1607097135411{margin-bottom: -0.3rem !important;}\u00a0\u00bb]<div id=\"sc_title_1593232991\"\r\n\t\tclass=\"sc_title color_style_default sc_title_default\"><h6 class=\"sc_item_subtitle sc_title_subtitle sc_align_center sc_item_title_style_default\">TROTTHOP - La TroTTE par nature le fun \u00e0 l'\u00e9tat pur !<\/h6><h3 class=\"sc_item_title sc_title_title sc_align_center sc_item_title_style_default\">DECOUVREZ LES PARCOURS EN TROTTINETTE ELECTRIQUE <br> TOUT-TERRAIN en France<\/h3><\/div><!-- \/.sc_title -->[vc_empty_space height=\u00a0\u00bb2em\u00a0\u00bb alter_height=\u00a0\u00bbsmall\u00a0\u00bb hide_on_desktop=\u00a0\u00bb\u00a0\u00bb hide_on_notebook=\u00a0\u00bb\u00a0\u00bb hide_on_tablet=\u00a0\u00bb\u00a0\u00bb hide_on_mobile=\u00a0\u00bb\u00a0\u00bb css=\u00a0\u00bb.vc_custom_1607097135411{margin-bottom: -0.3rem !important;}\u00a0\u00bb][\/vc_column][\/vc_row][vc_row][vc_column icons_position=\u00a0\u00bbleft\u00a0\u00bb][vc_column_text]Vivez une exp\u00e9rience unique en louant les Trottinettes Tout-Terrain \u00c9lectriques (TroTTE) gr\u00e2ce \u00e0 nos partenaires en Champagne et en Hautes-Pyr\u00e9n\u00e9es. Des parcours dans des endroits magnifiques en respect total de l&rsquo;environnement. D\u00e9couvrez une nouvelle sensation de sport de glisse et les paysages autrement.[\/vc_column_text][\/vc_column][\/vc_row][vc_row][vc_column icons_position=\u00a0\u00bbleft\u00a0\u00bb][vc_empty_space alter_height=\u00a0\u00bbsmall\u00a0\u00bb hide_on_desktop=\u00a0\u00bb\u00a0\u00bb hide_on_notebook=\u00a0\u00bb\u00a0\u00bb hide_on_tablet=\u00a0\u00bb\u00a0\u00bb hide_on_mobile=\u00a0\u00bb\u00a0\u00bb]<div  id=\"sc_layouts_527998268\"\t\tclass=\"sc_layouts sc_layouts_default sc_layouts_1510\">[vc_row][vc_column icons_position=\"left\"]<div  id=\"sc_action_1637809623\" \r\n\tclass=\"sc_action color_style_default sc_action_default\"><h3 class=\"sc_item_title sc_action_title sc_align_left sc_item_title_style_default\">Randonn\u00e9es en Trottinette Tout-Terrain Electrique<\/h3><div class=\"sc_item_descr sc_action_descr sc_align_left\"><p>Nos partenaires vous proposent diff\u00e9rentes sorties en famille dans leurs r\u00e9gions respectives. De tr\u00e8s agr\u00e9ables moments \u00e0 passer en leur compagnie.<\/p>\n<\/div><div class=\"sc_action_columns_wrap sc_item_columns trx_addons_columns_wrap columns_padding_bottom\"><div class=\"trx_addons_column-1_3\"><div class=\"sc_action_item sc_action_item_default sc_action_item_mc\">\r\n\t\t\t<div class=\"sc_action_item_image\"><img loading=\"lazy\" decoding=\"async\" src=\"https:\/\/www.trotthop.com\/trott-in-france\/wp-content\/uploads\/sites\/2\/2021\/06\/encart-trotthop-arcachon-accueil-trottinfrance-370x208.jpg\" alt=\"\" width=\"370\" height=\"208\"><\/div><h6 class=\"sc_action_item_subtitle\"><span>Trottez sur le Bassin d&#039;Arcachon<\/span><\/h6><h3 class=\"sc_action_item_title\"><span>Trotthop Arcachon<\/span><\/h3><div class=\"sc_action_item_description\"><span>R\u00e9servez votre parcours pour 1 heure, 2 heures, 1\/2 journ\u00e9e ou pour la journ\u00e9e compl\u00e8te. Nos \u00e9quipes sur place vous attendent !<\/span><\/div><a href=\"https:\/\/www.trotthop.com\/arcachon\/\" class=\"sc_action_item_link sc_button sc_button_size_small\">R\u00e9servation<\/a><\/div><\/div><div class=\"trx_addons_column-1_3\"><div class=\"sc_action_item sc_action_item_default sc_action_fixed_height sc_action_item_ml\" style=\"height:305;overflow:hidden;\">\r\n\t\t\t<div class=\"sc_action_item_image\"><img loading=\"lazy\" decoding=\"async\" src=\"https:\/\/www.trotthop.com\/trott-in-france\/wp-content\/uploads\/sites\/2\/2021\/06\/edenya-sport-dept-51-370x208.jpg\" alt=\"\" width=\"370\" height=\"208\"><\/div><h6 class=\"sc_action_item_subtitle\"><span>Trottez en Champagne<\/span><\/h6><h3 class=\"sc_action_item_title\"><span>Edenya Sport<\/span><\/h3><div class=\"sc_action_item_description\"><span>D\u00e9couvrez les e-Trott\u2019Rando, de 1 \u00e0 4 personnes, randonn\u00e9es encadr\u00e9es par un professionnel du sport, 100% personnalis\u00e9es. Visitez le vignoble champenois class\u00e9 au patrimoine mondial de l\u2019UNESCO en toute s\u00e9curit\u00e9.<\/span><\/div><a href=\"http:\/\/edenyasport.fr\/\" class=\"sc_action_item_link sc_button sc_button_size_small\">R\u00e9servation<\/a><\/div><\/div><div class=\"trx_addons_column-1_3\"><div class=\"sc_action_item sc_action_item_default sc_action_item_ml\">\r\n\t\t\t<div class=\"sc_action_item_image\"><img loading=\"lazy\" decoding=\"async\" src=\"https:\/\/www.trotthop.com\/trott-in-france\/wp-content\/uploads\/sites\/2\/2021\/06\/riding-trott-dept65-370x208.jpg\" alt=\"\" width=\"370\" height=\"208\"><\/div><h6 class=\"sc_action_item_subtitle\"><span>Trottez en Hautes Pyr\u00e9n\u00e9es<\/span><\/h6><h3 class=\"sc_action_item_title\"><span>Riding Trott<\/span><\/h3><div class=\"sc_action_item_description\"><span>Venez d\u00e9couvrir un endroit magnifique<\/span><span>PAYOLLE : LE \u00ab PETIT CANADA \u00bb DES PYR\u00c9N\u00c9ES<\/span><\/div><a href=\"https:\/\/www.ridingtrott.fr\/\" class=\"sc_action_item_link sc_button sc_button_size_small\">R\u00e9servation<\/a><\/div><\/div><\/div><\/div><!-- \/.sc_action -->[\/vc_column][\/vc_row][vc_row][vc_column icons_position=\"left\"][vc_empty_space hide_on_desktop=\"\" hide_on_notebook=\"\" hide_on_tablet=\"\" hide_on_mobile=\"\"]<div  id=\"sc_action_1376851192\" \r\n\tclass=\"sc_action color_style_default sc_action_default\"><div class=\"sc_action_columns_wrap sc_item_columns trx_addons_columns_wrap columns_padding_bottom\"><div class=\"trx_addons_column-1_2\"><div class=\"sc_action_item sc_action_item_default sc_action_item_ml\">\r\n\t\t\t<div class=\"sc_action_item_image\"><img loading=\"lazy\" decoding=\"async\" src=\"https:\/\/www.trotthop.com\/trott-in-france\/wp-content\/uploads\/sites\/2\/2021\/06\/champagne-bailly-370x208.jpg\" alt=\"\" width=\"370\" height=\"208\"><\/div><h6 class=\"sc_action_item_subtitle\"><span>Trottez en Champagne<\/span><\/h6><h3 class=\"sc_action_item_title\"><span>Champagne Bailly<\/span><\/h3><div class=\"sc_action_item_description\"><span>D\u00e9couverte du Domaine en trottinette \u00e9lectrique.<\/span><\/div><a href=\"https:\/\/www.champagne-bailly.com\/reservation-trottinettes-13.html\" class=\"sc_action_item_link sc_button sc_button_size_small\">R\u00e9servation<\/a><\/div><\/div><div class=\"trx_addons_column-1_2\"><div class=\"sc_action_item sc_action_item_default sc_action_item_ml\">\r\n\t\t\t<div class=\"sc_action_item_image\"><img loading=\"lazy\" decoding=\"async\" src=\"https:\/\/www.trotthop.com\/trott-in-france\/wp-content\/uploads\/sites\/2\/2021\/06\/la-bulle-verte-cap-ferret-370x208.png\" alt=\"\" width=\"370\" height=\"208\"><\/div><h6 class=\"sc_action_item_subtitle\"><span>Trottez au Cap Ferret<\/span><\/h6><h3 class=\"sc_action_item_title\"><span>La Bulle Verte<\/span><\/h3><div class=\"sc_action_item_description\"><span>Explorez la presqu'\u00eele du Cap-Ferret \u00e0 trottinette tout-chemin cet \u00e9t\u00e9.<\/span><\/div><a href=\"https:\/\/www.la-bulle-verte.com\/\" class=\"sc_action_item_link sc_button sc_button_size_small\">Plus d&#039;information<\/a><\/div><\/div><\/div><\/div><!-- \/.sc_action -->[vc_empty_space alter_height=\"huge\" hide_on_desktop=\"\" hide_on_notebook=\"\" hide_on_tablet=\"\" hide_on_mobile=\"\"][\/vc_column][\/vc_row]<\/div>[vc_empty_space alter_height=\u00a0\u00bbsmall\u00a0\u00bb hide_on_desktop=\u00a0\u00bb\u00a0\u00bb hide_on_notebook=\u00a0\u00bb\u00a0\u00bb hide_on_tablet=\u00a0\u00bb\u00a0\u00bb hide_on_mobile=\u00a0\u00bb\u00a0\u00bb][\/vc_column][\/vc_row]<\/p>\n<\/section>","protected":false},"excerpt":{"rendered":"<p>[vc_row full_width=\u00a0\u00bbstretch_row_content_no_spaces\u00a0\u00bb][vc_column icons_position=\u00a0\u00bbleft\u00a0\u00bb][vc_images_carousel images=\u00a0\u00bb1483,1485,1486,1487&Prime; img_size=\u00a0\u00bbfull\u00a0\u00bb onclick=\u00a0\u00bblink_no\u00a0\u00bb autoplay=\u00a0\u00bbyes\u00a0\u00bb hide_pagination_control=\u00a0\u00bbyes\u00a0\u00bb hide_prev_next_buttons=\u00a0\u00bbyes\u00a0\u00bb wrap=\u00a0\u00bbyes\u00a0\u00bb][\/vc_column][\/vc_row][vc_row][vc_column icons_position=\u00a0\u00bbleft\u00a0\u00bb][vc_empty_space height=\u00a0\u00bb2em\u00a0\u00bb alter_height=\u00a0\u00bbsmall\u00a0\u00bb hide_on_desktop=\u00a0\u00bb\u00a0\u00bb hide_on_notebook=\u00a0\u00bb\u00a0\u00bb hide_on_tablet=\u00a0\u00bb\u00a0\u00bb hide_on_mobile=\u00a0\u00bb\u00a0\u00bb css=\u00a0\u00bb.vc_custom_1607097135411{margin-bottom: -0.3rem !important;}\u00a0\u00bb][vc_empty_space height=\u00a0\u00bb2em\u00a0\u00bb alter_height=\u00a0\u00bbsmall\u00a0\u00bb hide_on_desktop=\u00a0\u00bb\u00a0\u00bb hide_on_notebook=\u00a0\u00bb\u00a0\u00bb hide_on_tablet=\u00a0\u00bb\u00a0\u00bb hide_on_mobile=\u00a0\u00bb\u00a0\u00bb css=\u00a0\u00bb.vc_custom_1607097135411{margin-bottom: -0.3rem !important;}\u00a0\u00bb][\/vc_column][\/vc_row][vc_row][vc_column icons_position=\u00a0\u00bbleft\u00a0\u00bb][vc_column_text]Vivez une exp\u00e9rience unique en louant les Trottinettes Tout-Terrain \u00c9lectriques (TroTTE) gr\u00e2ce \u00e0 nos partenaires en Champagne et en Hautes-Pyr\u00e9n\u00e9es. Des parcours dans des endroits magnifiques en respect total de l&rsquo;environnement.&hellip;<\/p>\n","protected":false},"author":1,"featured_media":0,"parent":0,"menu_order":0,"comment_status":"closed","ping_status":"closed","template":"","meta":{"footnotes":""},"yoast_head":"<!-- This site is optimized with the Yoast SEO plugin v22.9 - https:\/\/yoast.com\/wordpress\/plugins\/seo\/ -->\n<title>Location de trottinettes \u00e9lectriques tout-terrain en France<\/title>\n<meta name=\"description\" content=\"Location de trottinettes \u00e9lectriques tout-terrain, en France, en Champagne et dans les Hautes Pyr\u00e9n\u00e9es gr\u00e2ce \u00e0 nos partenaires en r\u00e9gion.\" \/>\n<meta name=\"robots\" content=\"index, follow, max-snippet:-1, max-image-preview:large, max-video-preview:-1\" \/>\n<link rel=\"canonical\" href=\"https:\/\/www.trotthop.com\/trott-in-france\/\" \/>\n<meta property=\"og:locale\" content=\"fr_FR\" \/>\n<meta property=\"og:type\" content=\"article\" \/>\n<meta property=\"og:title\" content=\"Location de trottinettes \u00e9lectriques tout-terrain en France\" \/>\n<meta property=\"og:description\" content=\"Location de trottinettes \u00e9lectriques tout-terrain, en France, en Champagne et dans les Hautes Pyr\u00e9n\u00e9es gr\u00e2ce \u00e0 nos partenaires en r\u00e9gion.\" \/>\n<meta property=\"og:url\" content=\"https:\/\/www.trotthop.com\/trott-in-france\/\" \/>\n<meta property=\"og:site_name\" content=\"Trotthop in France\" \/>\n<meta property=\"article:publisher\" content=\"https:\/\/www.facebook.com\/trotthop\" \/>\n<meta property=\"article:modified_time\" content=\"2022-03-26T11:59:07+00:00\" \/>\n<meta name=\"twitter:card\" content=\"summary_large_image\" \/>\n<meta name=\"twitter:label1\" content=\"Dur\u00e9e de lecture estim\u00e9e\" \/>\n\t<meta name=\"twitter:data1\" content=\"1 minute\" \/>\n<script type=\"application\/ld+json\" class=\"yoast-schema-graph\">{\"@context\":\"https:\/\/schema.org\",\"@graph\":[{\"@type\":\"WebPage\",\"@id\":\"https:\/\/www.trotthop.com\/trott-in-france\/\",\"url\":\"https:\/\/www.trotthop.com\/trott-in-france\/\",\"name\":\"Location de trottinettes \u00e9lectriques tout-terrain en France\",\"isPartOf\":{\"@id\":\"https:\/\/www.trotthop.com\/trott-in-france\/#website\"},\"datePublished\":\"2020-12-09T12:40:58+00:00\",\"dateModified\":\"2022-03-26T11:59:07+00:00\",\"description\":\"Location de trottinettes \u00e9lectriques tout-terrain, en France, en Champagne et dans les Hautes Pyr\u00e9n\u00e9es gr\u00e2ce \u00e0 nos partenaires en r\u00e9gion.\",\"breadcrumb\":{\"@id\":\"https:\/\/www.trotthop.com\/trott-in-france\/#breadcrumb\"},\"inLanguage\":\"fr-FR\",\"potentialAction\":[{\"@type\":\"ReadAction\",\"target\":[\"https:\/\/www.trotthop.com\/trott-in-france\/\"]}]},{\"@type\":\"BreadcrumbList\",\"@id\":\"https:\/\/www.trotthop.com\/trott-in-france\/#breadcrumb\",\"itemListElement\":[{\"@type\":\"ListItem\",\"position\":1,\"name\":\"Accueil\",\"item\":\"https:\/\/www.trotthop.com\/trott-in-france\/\"},{\"@type\":\"ListItem\",\"position\":2,\"name\":\"Accueil\"}]},{\"@type\":\"WebSite\",\"@id\":\"https:\/\/www.trotthop.com\/trott-in-france\/#website\",\"url\":\"https:\/\/www.trotthop.com\/trott-in-france\/\",\"name\":\"Trotthop Ile de France\",\"description\":\"Location de trottinettes \u00e9lectriques tout-terrain en France avec nos partenaires en r\u00e9gion\",\"publisher\":{\"@id\":\"https:\/\/www.trotthop.com\/trott-in-france\/#organization\"},\"potentialAction\":[{\"@type\":\"SearchAction\",\"target\":{\"@type\":\"EntryPoint\",\"urlTemplate\":\"https:\/\/www.trotthop.com\/trott-in-france\/?s={search_term_string}\"},\"query-input\":\"required name=search_term_string\"}],\"inLanguage\":\"fr-FR\"},{\"@type\":\"Organization\",\"@id\":\"https:\/\/www.trotthop.com\/trott-in-france\/#organization\",\"name\":\"Trotthop SAS\",\"url\":\"https:\/\/www.trotthop.com\/trott-in-france\/\",\"logo\":{\"@type\":\"ImageObject\",\"inLanguage\":\"fr-FR\",\"@id\":\"https:\/\/www.trotthop.com\/trott-in-france\/#\/schema\/logo\/image\/\",\"url\":\"https:\/\/www.trotthop.com\/ile-de-france\/wp-content\/uploads\/sites\/2\/2020\/12\/logo-trotthop2021_354x98_home_IDF.png\",\"contentUrl\":\"https:\/\/www.trotthop.com\/ile-de-france\/wp-content\/uploads\/sites\/2\/2020\/12\/logo-trotthop2021_354x98_home_IDF.png\",\"width\":354,\"height\":98,\"caption\":\"Trotthop SAS\"},\"image\":{\"@id\":\"https:\/\/www.trotthop.com\/trott-in-france\/#\/schema\/logo\/image\/\"},\"sameAs\":[\"https:\/\/www.facebook.com\/trotthop\",\"https:\/\/www.instagram.com\/trotthop\",\"https:\/\/www.youtube.com\/channel\/UCUGaggf0tgN2Cw2YcN9FUcw\"]}]}<\/script>\n<!-- \/ Yoast SEO plugin. -->","yoast_head_json":{"title":"Location de trottinettes \u00e9lectriques tout-terrain en France","description":"Location de trottinettes \u00e9lectriques tout-terrain, en France, en Champagne et dans les Hautes Pyr\u00e9n\u00e9es gr\u00e2ce \u00e0 nos partenaires en r\u00e9gion.","robots":{"index":"index","follow":"follow","max-snippet":"max-snippet:-1","max-image-preview":"max-image-preview:large","max-video-preview":"max-video-preview:-1"},"canonical":"https:\/\/www.trotthop.com\/trott-in-france\/","og_locale":"fr_FR","og_type":"article","og_title":"Location de trottinettes \u00e9lectriques tout-terrain en France","og_description":"Location de trottinettes \u00e9lectriques tout-terrain, en France, en Champagne et dans les Hautes Pyr\u00e9n\u00e9es gr\u00e2ce \u00e0 nos partenaires en r\u00e9gion.","og_url":"https:\/\/www.trotthop.com\/trott-in-france\/","og_site_name":"Trotthop in France","article_publisher":"https:\/\/www.facebook.com\/trotthop","article_modified_time":"2022-03-26T11:59:07+00:00","twitter_card":"summary_large_image","twitter_misc":{"Dur\u00e9e de lecture estim\u00e9e":"1 minute"},"schema":{"@context":"https:\/\/schema.org","@graph":[{"@type":"WebPage","@id":"https:\/\/www.trotthop.com\/trott-in-france\/","url":"https:\/\/www.trotthop.com\/trott-in-france\/","name":"Location de trottinettes \u00e9lectriques tout-terrain en France","isPartOf":{"@id":"https:\/\/www.trotthop.com\/trott-in-france\/#website"},"datePublished":"2020-12-09T12:40:58+00:00","dateModified":"2022-03-26T11:59:07+00:00","description":"Location de trottinettes \u00e9lectriques tout-terrain, en France, en Champagne et dans les Hautes Pyr\u00e9n\u00e9es gr\u00e2ce \u00e0 nos partenaires en r\u00e9gion.","breadcrumb":{"@id":"https:\/\/www.trotthop.com\/trott-in-france\/#breadcrumb"},"inLanguage":"fr-FR","potentialAction":[{"@type":"ReadAction","target":["https:\/\/www.trotthop.com\/trott-in-france\/"]}]},{"@type":"BreadcrumbList","@id":"https:\/\/www.trotthop.com\/trott-in-france\/#breadcrumb","itemListElement":[{"@type":"ListItem","position":1,"name":"Accueil","item":"https:\/\/www.trotthop.com\/trott-in-france\/"},{"@type":"ListItem","position":2,"name":"Accueil"}]},{"@type":"WebSite","@id":"https:\/\/www.trotthop.com\/trott-in-france\/#website","url":"https:\/\/www.trotthop.com\/trott-in-france\/","name":"Trotthop Ile de France","description":"Location de trottinettes \u00e9lectriques tout-terrain en France avec nos partenaires en r\u00e9gion","publisher":{"@id":"https:\/\/www.trotthop.com\/trott-in-france\/#organization"},"potentialAction":[{"@type":"SearchAction","target":{"@type":"EntryPoint","urlTemplate":"https:\/\/www.trotthop.com\/trott-in-france\/?s={search_term_string}"},"query-input":"required name=search_term_string"}],"inLanguage":"fr-FR"},{"@type":"Organization","@id":"https:\/\/www.trotthop.com\/trott-in-france\/#organization","name":"Trotthop SAS","url":"https:\/\/www.trotthop.com\/trott-in-france\/","logo":{"@type":"ImageObject","inLanguage":"fr-FR","@id":"https:\/\/www.trotthop.com\/trott-in-france\/#\/schema\/logo\/image\/","url":"https:\/\/www.trotthop.com\/ile-de-france\/wp-content\/uploads\/sites\/2\/2020\/12\/logo-trotthop2021_354x98_home_IDF.png","contentUrl":"https:\/\/www.trotthop.com\/ile-de-france\/wp-content\/uploads\/sites\/2\/2020\/12\/logo-trotthop2021_354x98_home_IDF.png","width":354,"height":98,"caption":"Trotthop SAS"},"image":{"@id":"https:\/\/www.trotthop.com\/trott-in-france\/#\/schema\/logo\/image\/"},"sameAs":["https:\/\/www.facebook.com\/trotthop","https:\/\/www.instagram.com\/trotthop","https:\/\/www.youtube.com\/channel\/UCUGaggf0tgN2Cw2YcN9FUcw"]}]}},"_links":{"self":[{"href":"https:\/\/www.trotthop.com\/trott-in-france\/wp-json\/wp\/v2\/pages\/701"}],"collection":[{"href":"https:\/\/www.trotthop.com\/trott-in-france\/wp-json\/wp\/v2\/pages"}],"about":[{"href":"https:\/\/www.trotthop.com\/trott-in-france\/wp-json\/wp\/v2\/types\/page"}],"author":[{"embeddable":true,"href":"https:\/\/www.trotthop.com\/trott-in-france\/wp-json\/wp\/v2\/users\/1"}],"replies":[{"embeddable":true,"href":"https:\/\/www.trotthop.com\/trott-in-france\/wp-json\/wp\/v2\/comments?post=701"}],"version-history":[{"count":3,"href":"https:\/\/www.trotthop.com\/trott-in-france\/wp-json\/wp\/v2\/pages\/701\/revisions"}],"predecessor-version":[{"id":1552,"href":"https:\/\/www.trotthop.com\/trott-in-france\/wp-json\/wp\/v2\/pages\/701\/revisions\/1552"}],"wp:attachment":[{"href":"https:\/\/www.trotthop.com\/trott-in-france\/wp-json\/wp\/v2\/media?parent=701"}],"curies":[{"name":"wp","href":"https:\/\/api.w.org\/{rel}","templated":true}]}}