{"id":1357,"date":"2016-03-12T18:01:48","date_gmt":"2016-03-12T17:01:48","guid":{"rendered":"http:\/\/trotthop.com\/trotthop\/?page_id=43"},"modified":"2025-03-04T11:35:50","modified_gmt":"2025-03-04T10:35:50","slug":"nous-contacter","status":"publish","type":"page","link":"https:\/\/www.trotthop.com\/arcachon\/nous-contacter\/","title":{"rendered":"Nous contacter"},"content":{"rendered":"<section class=\"wpb-content-wrapper\"><p>[vc_row][vc_column icons_position=&#8221;left&#8221;][vc_column_text]<\/p>\n<h3>Contact Local<\/h3>\n<p>TrottHop Arcachon : Pour tout renseignement sur la location de trottinettes sur le Bassin d&#8217;Arcachon vous pouvez nous contacter au 06.24.49.51.34 ou par mail trotthop.arcachon@gmail.com[\/vc_column_text][vc_empty_space alter_height=&#8221;small&#8221; hide_on_desktop=&#8221;&#8221; hide_on_notebook=&#8221;&#8221; hide_on_tablet=&#8221;&#8221; hide_on_mobile=&#8221;&#8221;][vc_column_text]<\/p>\n<h3>Si\u00e8ge social<\/h3>\n<p>Pour les groupes, les entreprises, les collectivit\u00e9s, merci d&#8217;adresser vos demandes de devis directement \u00e0 notre si\u00e8ge social en pr\u00e9cisant le\/les parcours choisis, le nombre de participants et la p\u00e9riode souhait\u00e9e. Par mail: trotthop.arcachon@gmail.com ou via le formulaire en ligne ci-contre.[\/vc_column_text][vc_empty_space alter_height=&#8221;small&#8221; hide_on_desktop=&#8221;&#8221; hide_on_notebook=&#8221;&#8221; hide_on_tablet=&#8221;&#8221; hide_on_mobile=&#8221;&#8221;][vc_column_text]\n<div class=\"wpcf7 no-js\" id=\"wpcf7-f4-o1\" lang=\"fr-FR\" dir=\"ltr\">\n<div class=\"screen-reader-response\"><p role=\"status\" aria-live=\"polite\" aria-atomic=\"true\"><\/p> <ul><\/ul><\/div>\n<form action=\"\/arcachon\/wp-json\/wp\/v2\/pages\/1357#wpcf7-f4-o1\" method=\"post\" class=\"wpcf7-form init\" aria-label=\"Formulaire de contact\" novalidate=\"novalidate\" data-status=\"init\">\n<div style=\"display: none;\">\n<input type=\"hidden\" name=\"_wpcf7\" value=\"4\" \/>\n<input type=\"hidden\" name=\"_wpcf7_version\" value=\"5.9.6\" \/>\n<input type=\"hidden\" name=\"_wpcf7_locale\" value=\"fr_FR\" \/>\n<input type=\"hidden\" name=\"_wpcf7_unit_tag\" value=\"wpcf7-f4-o1\" \/>\n<input type=\"hidden\" name=\"_wpcf7_container_post\" value=\"0\" \/>\n<input type=\"hidden\" name=\"_wpcf7_posted_data_hash\" value=\"\" \/>\n<\/div>\n<p><label> Votre nom (obligatoire)<br \/>\n<span class=\"wpcf7-form-control-wrap\" data-name=\"your-name\"><input size=\"40\" maxlength=\"80\" class=\"wpcf7-form-control wpcf7-text wpcf7-validates-as-required\" aria-required=\"true\" aria-invalid=\"false\" value=\"\" type=\"text\" name=\"your-name\" \/><\/span> <\/label>\n<\/p>\n<p><label> Votre e-mail (obligatoire)<br \/>\n<span class=\"wpcf7-form-control-wrap\" data-name=\"your-email\"><input size=\"40\" maxlength=\"80\" class=\"wpcf7-form-control wpcf7-email wpcf7-validates-as-required wpcf7-text wpcf7-validates-as-email\" aria-required=\"true\" aria-invalid=\"false\" value=\"\" type=\"email\" name=\"your-email\" \/><\/span> <\/label>\n<\/p>\n<p><label> Sujet<br \/>\n<span class=\"wpcf7-form-control-wrap\" data-name=\"your-subject\"><input size=\"40\" maxlength=\"80\" class=\"wpcf7-form-control wpcf7-text\" aria-invalid=\"false\" value=\"\" type=\"text\" name=\"your-subject\" \/><\/span> <\/label>\n<\/p>\n<p><label> Votre message<br \/>\n<span class=\"wpcf7-form-control-wrap\" data-name=\"your-message\"><textarea cols=\"40\" rows=\"10\" maxlength=\"400\" class=\"wpcf7-form-control wpcf7-textarea\" aria-invalid=\"false\" name=\"your-message\"><\/textarea><\/span> <\/label>\n<\/p>\n<p><span class=\"wpcf7-form-control-wrap\" data-name=\"quiz-84\"><label><span class=\"wpcf7-quiz-label\">Quelle est la sixi\u00e8me lettre du mot &lt;TROTTHOP&gt; ?<\/span> <input size=\"40\" class=\"wpcf7-form-control wpcf7-quiz\" autocomplete=\"off\" aria-required=\"true\" aria-invalid=\"false\" type=\"text\" name=\"quiz-84\" \/><\/label><input type=\"hidden\" name=\"_wpcf7_quiz_answer_quiz-84\" value=\"8b03ce7172ed6b8bc58e3eed487eed1c\" \/><\/span>\n<\/p>\n<p><input class=\"wpcf7-form-control wpcf7-submit has-spinner\" type=\"submit\" value=\"Envoyer\" \/>\n<\/p><div class=\"wpcf7-response-output\" aria-hidden=\"true\"><\/div>\n<\/form>\n<\/div>\n[\/vc_column_text][\/vc_column][\/vc_row]<\/p>\n<\/section>","protected":false},"excerpt":{"rendered":"<p>[vc_row][vc_column icons_position=&#8221;left&#8221;][vc_column_text] Contact Local TrottHop Arcachon : Pour tout renseignement sur la location de trottinettes sur le Bassin d&#8217;Arcachon vous pouvez nous contacter au 06.24.49.51.34 ou par mail trotthop.arcachon@gmail.com[\/vc_column_text][vc_empty_space alter_height=&#8221;small&#8221; hide_on_desktop=&#8221;&#8221; hide_on_notebook=&#8221;&#8221; hide_on_tablet=&#8221;&#8221; hide_on_mobile=&#8221;&#8221;][vc_column_text] Si\u00e8ge social Pour les groupes, les entreprises, les collectivit\u00e9s, merci d&#8217;adresser vos demandes de devis directement \u00e0 notre si\u00e8ge social en pr\u00e9cisant le\/les parcours choisis, le&hellip;<\/p>\n","protected":false},"author":1,"featured_media":0,"parent":0,"menu_order":0,"comment_status":"closed","ping_status":"closed","template":"","meta":{"footnotes":""},"yoast_head":"<!-- This site is optimized with the Yoast SEO plugin v22.9 - https:\/\/yoast.com\/wordpress\/plugins\/seo\/ -->\n<title>Nous contacter - TrottHop Arcachon<\/title>\n<meta name=\"robots\" content=\"index, follow, max-snippet:-1, max-image-preview:large, max-video-preview:-1\" \/>\n<link rel=\"canonical\" href=\"https:\/\/www.trotthop.com\/arcachon\/nous-contacter\/\" \/>\n<meta property=\"og:locale\" content=\"fr_FR\" \/>\n<meta property=\"og:type\" content=\"article\" \/>\n<meta property=\"og:title\" content=\"Nous contacter - TrottHop Arcachon\" \/>\n<meta property=\"og:description\" content=\"[vc_row][vc_column icons_position=&#8221;left&#8221;][vc_column_text] Contact Local TrottHop Arcachon : Pour tout renseignement sur la location de trottinettes sur le Bassin d&#8217;Arcachon vous pouvez nous contacter au 06.24.49.51.34 ou par mail trotthop.arcachon@gmail.com[\/vc_column_text][vc_empty_space alter_height=&#8221;small&#8221; hide_on_desktop=&#8221;&#8221; hide_on_notebook=&#8221;&#8221; hide_on_tablet=&#8221;&#8221; hide_on_mobile=&#8221;&#8221;][vc_column_text] Si\u00e8ge social Pour les groupes, les entreprises, les collectivit\u00e9s, merci d&#8217;adresser vos demandes de devis directement \u00e0 notre si\u00e8ge social en pr\u00e9cisant le\/les parcours choisis, le&hellip;\" \/>\n<meta property=\"og:url\" content=\"https:\/\/www.trotthop.com\/arcachon\/nous-contacter\/\" \/>\n<meta property=\"og:site_name\" content=\"TrottHop Arcachon\" \/>\n<meta property=\"article:publisher\" content=\"https:\/\/www.facebook.com\/trotthop\" \/>\n<meta property=\"article:modified_time\" content=\"2025-03-04T10:35:50+00:00\" \/>\n<meta name=\"twitter:card\" content=\"summary_large_image\" \/>\n<meta name=\"twitter:label1\" content=\"Dur\u00e9e de lecture estim\u00e9e\" \/>\n\t<meta name=\"twitter:data1\" content=\"1 minute\" \/>\n<script type=\"application\/ld+json\" class=\"yoast-schema-graph\">{\"@context\":\"https:\/\/schema.org\",\"@graph\":[{\"@type\":\"WebPage\",\"@id\":\"https:\/\/www.trotthop.com\/arcachon\/nous-contacter\/\",\"url\":\"https:\/\/www.trotthop.com\/arcachon\/nous-contacter\/\",\"name\":\"Nous contacter - TrottHop Arcachon\",\"isPartOf\":{\"@id\":\"https:\/\/www.trotthop.com\/arcachon\/#website\"},\"datePublished\":\"2016-03-12T17:01:48+00:00\",\"dateModified\":\"2025-03-04T10:35:50+00:00\",\"breadcrumb\":{\"@id\":\"https:\/\/www.trotthop.com\/arcachon\/nous-contacter\/#breadcrumb\"},\"inLanguage\":\"fr-FR\",\"potentialAction\":[{\"@type\":\"ReadAction\",\"target\":[\"https:\/\/www.trotthop.com\/arcachon\/nous-contacter\/\"]}]},{\"@type\":\"BreadcrumbList\",\"@id\":\"https:\/\/www.trotthop.com\/arcachon\/nous-contacter\/#breadcrumb\",\"itemListElement\":[{\"@type\":\"ListItem\",\"position\":1,\"name\":\"Accueil\",\"item\":\"https:\/\/www.trotthop.com\/arcachon\/\"},{\"@type\":\"ListItem\",\"position\":2,\"name\":\"Nous contacter\"}]},{\"@type\":\"WebSite\",\"@id\":\"https:\/\/www.trotthop.com\/arcachon\/#website\",\"url\":\"https:\/\/www.trotthop.com\/arcachon\/\",\"name\":\"TrottHop Arcachon\",\"description\":\"Location de trottinettes tout-terrain \u00e9lectriques sur le Bassin d&#039;Arcachon\",\"publisher\":{\"@id\":\"https:\/\/www.trotthop.com\/arcachon\/#organization\"},\"potentialAction\":[{\"@type\":\"SearchAction\",\"target\":{\"@type\":\"EntryPoint\",\"urlTemplate\":\"https:\/\/www.trotthop.com\/arcachon\/?s={search_term_string}\"},\"query-input\":\"required name=search_term_string\"}],\"inLanguage\":\"fr-FR\"},{\"@type\":\"Organization\",\"@id\":\"https:\/\/www.trotthop.com\/arcachon\/#organization\",\"name\":\"Trotthop SAS\",\"url\":\"https:\/\/www.trotthop.com\/arcachon\/\",\"logo\":{\"@type\":\"ImageObject\",\"inLanguage\":\"fr-FR\",\"@id\":\"https:\/\/www.trotthop.com\/arcachon\/#\/schema\/logo\/image\/\",\"url\":\"https:\/\/www.trotthop.com\/arcachon\/wp-content\/uploads\/sites\/3\/2020\/12\/logo-trotthop2021_354x98_home_arcachon.png\",\"contentUrl\":\"https:\/\/www.trotthop.com\/arcachon\/wp-content\/uploads\/sites\/3\/2020\/12\/logo-trotthop2021_354x98_home_arcachon.png\",\"width\":354,\"height\":98,\"caption\":\"Trotthop SAS\"},\"image\":{\"@id\":\"https:\/\/www.trotthop.com\/arcachon\/#\/schema\/logo\/image\/\"},\"sameAs\":[\"https:\/\/www.facebook.com\/trotthop\",\"https:\/\/www.instagram.com\/trotthop\",\"https:\/\/www.youtube.com\/channel\/UCUGaggf0tgN2Cw2YcN9FUcw\"]}]}<\/script>\n<!-- \/ Yoast SEO plugin. -->","yoast_head_json":{"title":"Nous contacter - TrottHop Arcachon","robots":{"index":"index","follow":"follow","max-snippet":"max-snippet:-1","max-image-preview":"max-image-preview:large","max-video-preview":"max-video-preview:-1"},"canonical":"https:\/\/www.trotthop.com\/arcachon\/nous-contacter\/","og_locale":"fr_FR","og_type":"article","og_title":"Nous contacter - TrottHop Arcachon","og_description":"[vc_row][vc_column icons_position=&#8221;left&#8221;][vc_column_text] Contact Local TrottHop Arcachon : Pour tout renseignement sur la location de trottinettes sur le Bassin d&#8217;Arcachon vous pouvez nous contacter au 06.24.49.51.34 ou par mail trotthop.arcachon@gmail.com[\/vc_column_text][vc_empty_space alter_height=&#8221;small&#8221; hide_on_desktop=&#8221;&#8221; hide_on_notebook=&#8221;&#8221; hide_on_tablet=&#8221;&#8221; hide_on_mobile=&#8221;&#8221;][vc_column_text] Si\u00e8ge social Pour les groupes, les entreprises, les collectivit\u00e9s, merci d&#8217;adresser vos demandes de devis directement \u00e0 notre si\u00e8ge social en pr\u00e9cisant le\/les parcours choisis, le&hellip;","og_url":"https:\/\/www.trotthop.com\/arcachon\/nous-contacter\/","og_site_name":"TrottHop Arcachon","article_publisher":"https:\/\/www.facebook.com\/trotthop","article_modified_time":"2025-03-04T10:35:50+00:00","twitter_card":"summary_large_image","twitter_misc":{"Dur\u00e9e de lecture estim\u00e9e":"1 minute"},"schema":{"@context":"https:\/\/schema.org","@graph":[{"@type":"WebPage","@id":"https:\/\/www.trotthop.com\/arcachon\/nous-contacter\/","url":"https:\/\/www.trotthop.com\/arcachon\/nous-contacter\/","name":"Nous contacter - TrottHop Arcachon","isPartOf":{"@id":"https:\/\/www.trotthop.com\/arcachon\/#website"},"datePublished":"2016-03-12T17:01:48+00:00","dateModified":"2025-03-04T10:35:50+00:00","breadcrumb":{"@id":"https:\/\/www.trotthop.com\/arcachon\/nous-contacter\/#breadcrumb"},"inLanguage":"fr-FR","potentialAction":[{"@type":"ReadAction","target":["https:\/\/www.trotthop.com\/arcachon\/nous-contacter\/"]}]},{"@type":"BreadcrumbList","@id":"https:\/\/www.trotthop.com\/arcachon\/nous-contacter\/#breadcrumb","itemListElement":[{"@type":"ListItem","position":1,"name":"Accueil","item":"https:\/\/www.trotthop.com\/arcachon\/"},{"@type":"ListItem","position":2,"name":"Nous contacter"}]},{"@type":"WebSite","@id":"https:\/\/www.trotthop.com\/arcachon\/#website","url":"https:\/\/www.trotthop.com\/arcachon\/","name":"TrottHop Arcachon","description":"Location de trottinettes tout-terrain \u00e9lectriques sur le Bassin d&#039;Arcachon","publisher":{"@id":"https:\/\/www.trotthop.com\/arcachon\/#organization"},"potentialAction":[{"@type":"SearchAction","target":{"@type":"EntryPoint","urlTemplate":"https:\/\/www.trotthop.com\/arcachon\/?s={search_term_string}"},"query-input":"required name=search_term_string"}],"inLanguage":"fr-FR"},{"@type":"Organization","@id":"https:\/\/www.trotthop.com\/arcachon\/#organization","name":"Trotthop SAS","url":"https:\/\/www.trotthop.com\/arcachon\/","logo":{"@type":"ImageObject","inLanguage":"fr-FR","@id":"https:\/\/www.trotthop.com\/arcachon\/#\/schema\/logo\/image\/","url":"https:\/\/www.trotthop.com\/arcachon\/wp-content\/uploads\/sites\/3\/2020\/12\/logo-trotthop2021_354x98_home_arcachon.png","contentUrl":"https:\/\/www.trotthop.com\/arcachon\/wp-content\/uploads\/sites\/3\/2020\/12\/logo-trotthop2021_354x98_home_arcachon.png","width":354,"height":98,"caption":"Trotthop SAS"},"image":{"@id":"https:\/\/www.trotthop.com\/arcachon\/#\/schema\/logo\/image\/"},"sameAs":["https:\/\/www.facebook.com\/trotthop","https:\/\/www.instagram.com\/trotthop","https:\/\/www.youtube.com\/channel\/UCUGaggf0tgN2Cw2YcN9FUcw"]}]}},"_links":{"self":[{"href":"https:\/\/www.trotthop.com\/arcachon\/wp-json\/wp\/v2\/pages\/1357"}],"collection":[{"href":"https:\/\/www.trotthop.com\/arcachon\/wp-json\/wp\/v2\/pages"}],"about":[{"href":"https:\/\/www.trotthop.com\/arcachon\/wp-json\/wp\/v2\/types\/page"}],"author":[{"embeddable":true,"href":"https:\/\/www.trotthop.com\/arcachon\/wp-json\/wp\/v2\/users\/1"}],"replies":[{"embeddable":true,"href":"https:\/\/www.trotthop.com\/arcachon\/wp-json\/wp\/v2\/comments?post=1357"}],"version-history":[{"count":3,"href":"https:\/\/www.trotthop.com\/arcachon\/wp-json\/wp\/v2\/pages\/1357\/revisions"}],"predecessor-version":[{"id":2077,"href":"https:\/\/www.trotthop.com\/arcachon\/wp-json\/wp\/v2\/pages\/1357\/revisions\/2077"}],"wp:attachment":[{"href":"https:\/\/www.trotthop.com\/arcachon\/wp-json\/wp\/v2\/media?parent=1357"}],"curies":[{"name":"wp","href":"https:\/\/api.w.org\/{rel}","templated":true}]}}